{"id":91,"date":"2022-12-16T10:26:01","date_gmt":"2022-12-16T10:26:01","guid":{"rendered":"https:\/\/sicurezzapratica.it\/shop\/?post_type=product&#038;p=91"},"modified":"2024-11-17T21:16:30","modified_gmt":"2024-11-17T21:16:30","slug":"versca-software-gestione-scadenze-adempimenti","status":"publish","type":"product","link":"https:\/\/sicurezzapratica.it\/shop\/prodotto\/versca-software-gestione-scadenze-adempimenti\/","title":{"rendered":"VERSCA software gestione scadenze adempimenti"},"content":{"rendered":"<p><big><span style=\"color: black; font-family: Verdana; font-size: small;\"><big><b><img loading=\"lazy\" decoding=\"async\" class=\"size-full wp-image-196 aligncenter\" src=\"https:\/\/edirama.org\/wp-content\/uploads\/2016\/11\/versca.gif\" alt=\"\" width=\"530\" height=\"237\" \/><br \/>\n<img loading=\"lazy\" decoding=\"async\" class=\"size-full wp-image-3869 aligncenter\" src=\"https:\/\/edirama.org\/wp-content\/uploads\/2016\/10\/versca2.gif\" alt=\"\" width=\"496\" height=\"300\" \/><br \/>\nVer.Sca<\/b> \u00e8 il software per gestire e verificare le scadenze di qualsiasi tipologia di adempimento periodico. Il programma consente di evitare di incorrere nelle gravi conseguenze amministrative e penali che, il mancato rispetto delle scadenze\u00a0 comporta. <\/big><\/span><\/big><\/p>\n<p><iframe loading=\"lazy\" src=\"https:\/\/www.youtube.com\/embed\/b7cCuVJKHR8\" width=\"560\" height=\"315\" frameborder=\"0\" allowfullscreen=\"allowfullscreen\"><\/iframe><\/p>\n<p>&nbsp;<\/p>\n<p><span style=\"color: #000000; font-family: Verdana;\"><span style=\"font-size: 16.25px;\"><b>Come funziona<br \/>\n<\/b>1) inserisci i dati dei tuoi clienti o della tua azienda<br \/>\n2) selezioni il tipo di adempimento\/scadenza<br \/>\n3) imposti la data di prima esecuzione\/svolgimento dell&#8217;adempimento<\/span><\/span><\/p>\n<p>Il software calcola in automatico la scadenza successiva in base alla periodicit\u00e0 di scadenza impostata nel singolo adempimento. Es. Adempimento XXX periodicit\u00e0 6 mesi &#8211; prima registrazione 1\/1\/2022 &#8211; in automatico il software calcola la scadenza al 1\/6\/2022.<br \/>\nL&#8217;utente potr\u00e0 cos\u00ec ricercare i vari adempimenti per:<\/p>\n<p><big><span style=\"color: black; font-family: Verdana; font-size: small;\"><big>_ per tipologia adempimento<br \/>\n_ per singola azienda<br \/>\n_ per un intervallo di date definito dall&#8217;utente (es dal 30\/9\/2020 al 31\/12\/2020)<br \/>\n_ entro 30 gg<br \/>\n_ entro 60 gg<br \/>\n<\/big><\/span><\/big><\/p>\n<p>&nbsp;<\/p>\n<p><big><span style=\"color: black; font-family: Verdana; font-size: small;\"><big><b>Ver.Sca.\u00a0 <\/b>contiene una bancadati delle periodicit\u00e0 dei principali adempimenti in ambito sicurezza del lavoro: l&#8217;utente pu\u00f2 integrare e mantenere aggiornata la bancadati periodicit\u00e0 adempimenti potendo cos\u00ec personalizzare il software. Puoi inserire qualsiasi tipologia di adempimento periodico (es fiscale, legale, manutenzione, ecc)<br \/>\n<\/big><\/span><\/big><\/p>\n<p><big><span style=\"color: black; font-family: Verdana; font-size: small;\"><big><strong>Nuovo aggiornamento<\/strong> &#8211; con la nuova versione puoi associare ad ogni adempimento un numero illimitato di file (documenti, video, foto, audio, ecc) e accedervi direttamente con un semplice click, senza perdere tempo a ricercarlo sul pc o sul tuo cloud.<\/big><\/span><\/big><\/p>\n<p><span style=\"color: #ff0000;\">_ Numero aziende gestite: illimitato<\/span><br \/>\n<span style=\"color: #ff0000;\">_ Personalizzazione autonoma archivi <\/span><br \/>\n<span style=\"color: #ff0000;\">_ Calcolo in automatico delle scadenze periodiche<\/span><\/p>\n<p>Requisiti: Windows XP, VISTA, Windows 7,8,10 e versioni superiori<br \/>\nLicenza: per 2 installazioni (puoi installarlo su 2 pc)<br \/>\nAggiornamenti e assistenza inclusi per 12 mesi<br \/>\nInvio del prodotto per email entro 24 ore dal pagamento<\/p>\n<p><span style=\"color: #ff0000;\"><b>Grandi vantaggi.<\/b><\/span><\/p>\n<p>_\u00a0<span style=\"color: #ff0000;\"><strong>grande risparmio:<\/strong><\/span>\u00a0se sei un&#8217;azienda puoi effettuare la gestione delle scadenze adempimenti in maniera autonoma. Se sei un consulente\u00a0 ti permette di gestire un numero illimitato di aziende con un ridottissimo costo per singola azienda<\/p>\n<p>_\u00a0<span style=\"color: #ff0000;\"><b>incremento della qualit\u00e0 del lavoro<\/b><\/span>: Ver.Sca ti permette di migliorare ulteriormente la tua attivit\u00e0 facendoti risparmiare tempo<\/p>\n<p>_\u00a0<span style=\"color: #ff0000;\"><b>durata illimitata<\/b><\/span>: Ver.Sca \u00e8 un vero e proprio investimento grazie al fatto che lo userai sempre potendo aggiornare in maniera autonoma la bancadati scadenza adempimenti<\/p>\n<p>&nbsp;<\/p>\n","protected":false},"excerpt":{"rendered":"<p>Ver.Sca \u00e8 il software per gestire e verificare le scadenze di qualsiasi tipologia di adempimento periodico. Il programma consente di evitare di incorrere nelle gravi conseguenze amministrative e penali che, il mancato rispetto delle scadenze\u00a0 comporta. &nbsp; Come funziona 1) inserisci i dati dei tuoi clienti o della tua azienda 2) selezioni il tipo di [&hellip;]<\/p>\n","protected":false},"featured_media":93,"comment_status":"open","ping_status":"closed","template":"","meta":[],"product_brand":[],"product_cat":[31],"product_tag":[32],"class_list":{"0":"post-91","1":"product","2":"type-product","3":"status-publish","4":"has-post-thumbnail","6":"product_cat-software-gestione-scadenze","7":"product_tag-software-gestione-scadenze","9":"first","10":"instock","11":"sale","12":"downloadable","13":"virtual","14":"taxable","15":"purchasable","16":"product-type-simple"},"jetpack_sharing_enabled":true,"jetpack_likes_enabled":true,"_links":{"self":[{"href":"https:\/\/sicurezzapratica.it\/shop\/wp-json\/wp\/v2\/product\/91","targetHints":{"allow":["GET"]}}],"collection":[{"href":"https:\/\/sicurezzapratica.it\/shop\/wp-json\/wp\/v2\/product"}],"about":[{"href":"https:\/\/sicurezzapratica.it\/shop\/wp-json\/wp\/v2\/types\/product"}],"replies":[{"embeddable":true,"href":"https:\/\/sicurezzapratica.it\/shop\/wp-json\/wp\/v2\/comments?post=91"}],"wp:featuredmedia":[{"embeddable":true,"href":"https:\/\/sicurezzapratica.it\/shop\/wp-json\/wp\/v2\/media\/93"}],"wp:attachment":[{"href":"https:\/\/sicurezzapratica.it\/shop\/wp-json\/wp\/v2\/media?parent=91"}],"wp:term":[{"taxonomy":"product_brand","embeddable":true,"href":"https:\/\/sicurezzapratica.it\/shop\/wp-json\/wp\/v2\/product_brand?post=91"},{"taxonomy":"product_cat","embeddable":true,"href":"https:\/\/sicurezzapratica.it\/shop\/wp-json\/wp\/v2\/product_cat?post=91"},{"taxonomy":"product_tag","embeddable":true,"href":"https:\/\/sicurezzapratica.it\/shop\/wp-json\/wp\/v2\/product_tag?post=91"}],"curies":[{"name":"wp","href":"https:\/\/api.w.org\/{rel}","templated":true}]}}