{"id":39,"date":"2022-12-14T09:52:50","date_gmt":"2022-12-14T09:52:50","guid":{"rendered":"https:\/\/sicurezzapratica.it\/shop\/?page_id=39"},"modified":"2022-12-14T09:52:50","modified_gmt":"2022-12-14T09:52:50","slug":"termini-e-condizioni-di-vendita","status":"publish","type":"page","link":"https:\/\/sicurezzapratica.it\/shop\/termini-e-condizioni-di-vendita\/","title":{"rendered":"Termini e condizioni di vendita"},"content":{"rendered":"\n<p><strong>Modalit\u00e0 di invio dei prodotti<\/strong><br>Una volta ricevuto l&#8217;ordine tramite email Edirama provveder\u00e0 a recapitare quanto da Voi richiesto, all&#8217;indirizzo email che avrete indicato sul modulo d&#8217;ordine. Dal momento dell&#8217;ordine i normali * tempi di consegna sono:<br>_ (per i prodotti digitali, software e corsi online) 24 ore nei giorni lavorativi, il primo giorno lavorativo per gli ordini effettuati nei giorni festivi<br>_ per i prodotti fisici,&nbsp; per il territorio italiano, a partire da 24-72 ore fino a circa una settimana in funzione della distanza e dell&#8217;area geografica (non vanno considerati, nel computo dei tempi di consegna, il fine settimana e i giorni festivi). Se abitate nelle isole o in zone periferiche, dovete considerare tempi mediamente pi\u00f9 lunghi. In ogni caso, i tempi indicati quali termini di consegna non possono essere considerati impegnativi per Edirama.<br><strong>Condizioni Generali di acquisto<\/strong><br>Edirama di M.Rapparini con sede legale in via Fratelli cervi 15\/6 40129 &#8211; Bologna &#8211;&nbsp; Iscritta al Registro delle Imprese di Bologna al n\u00b0 0352203 &#8211; Partita Iva 04200180372 \u00e8 titolare del sito www.edirama.org<br>Gli articoli selezionati tra quelli presenti nel catalogo virtuale del sito www.edirama.org potranno essere acquistati alle condizioni che seguono.<br><strong>Accettazione dell&#8217;ordine \/ Conclusione del contratto<br><\/strong>L&#8217;acquisto di quanto richiesto si perfezioner\u00e0 attraverso le seguenti fasi:<br>Con l&#8217;invio dell&#8217;ordine, il cliente trasmette a Edirama di M. Rapparini una proposta di acquisto del prodotto o dei prodotti selezionati. L&#8217;invio dell&#8217;ordine di acquisto implica il consenso a ricevere le successive comunicazioni di Edirama di M. Rapparini qui di seguito descritte, le quali sono finalizzate esclusivamente alla conclusione e all&#8217;esecuzione del contratto di vendita.<br>Edirama di M. Rapparini conferma con un messaggio di posta elettronica il ricevimento dell&#8217;ordine trasmesso dal cliente. In ogni caso, Edirama di M. Rapparinil verificher\u00e0 l&#8217;effettiva disponibilit\u00e0 dei prodotti richiesti. In caso di indisponibilit\u00e0 il cliente ricever\u00e0 una comunicazione via email. Il pagamento da parte del cliente avverr\u00e0 utilizzando la modalit\u00e0 scelta on-line all&#8217;atto dell&#8217;acquisto.<br><strong>Modalit\u00e0 di pagamento<\/strong><br>Il pagamento pu\u00f2 avvenire: mediante bonifico bancario oppure&nbsp; carta di credito. Per quest&#8217;ultimo tipo di pagamento la sicurezza \u00e8 garantita dall&#8217;adozione del sistema di pagamento on line sicuro PayPal, Nexi, Amazon Pay, Apple Pay.<br>I dati relativi alla carta di credito vengono processati esclusivamente da Pay Pal per i controlli necessari ad autorizzare il pagamento on line. L&#8217;esercente, quindi non avr\u00e0 accesso ai dati relativi alla carta di credito, ma gestir\u00e0 solo i dati dell&#8217;acquirente (nome, cognome, indirizzo&#8230;) necessari all&#8217;invio dei prodotti presso il suo domicilio.<br>Per le versioni download dei prodotti il sistema di pagamento con carta di credito \u00e8 gestito dalla societ\u00e0 PayPal, Nexi, Amazon Pay, Apple Pay, Stripe.<br><strong>Prezzi<\/strong><br>Tutti i prezzi indicati si intendono IVA 22% esclusa.<br><strong>Spese di consegna<\/strong><br>Edirama di M. Rapparini consegner\u00e0 i prodotti acquistati al recapito indicato dal cliente al momento dell&#8217;ordine.<br>(*) I tempi di consegna indicati rappresentano il tempo normalmente richiesto per recapitare i prodotti e sono forniti unicamente a scopo indicativo, senza assunzione di alcun impegno o garanzia di rispetto degli stessi da parte di Edirama di M. Rapparini.<br><strong>Fatturazione<\/strong><br>La fattura cartacea viene emessa al momento dell&#8217;accredito dell&#8217;importo pagato in contrassegno o con carta di credito su richiesta pervenuta via email a info@certificazione.info. I tempi di invio della fattura sono di circa 7 gg dalla sopraindicata data.<\/p>\n\n\n\n<p><strong>Acquisto Sicuro &#8211; <a href=\"https:\/\/edirama.org\/acquisto-sicuro\/\">Acquisto Sicuro &#8211; 100% cliente soddisfatto<\/a><br><a href=\"https:\/\/edirama.org\/wp-content\/uploads\/2022\/03\/soddisfazione-garantita-e1648473038636.png\"><\/a><br><\/strong>Siamo fiduciosi nella qualit\u00e0 e nel valore dei nostri prodotti.&nbsp;Migliaia di clienti da oltre 20 anni utilizzano con successo i nostri software, corsi on line, kit documentali, ecc. Prova i nostri prodotti e se trovi che <strong>non corrispondono nei contenuti alla descrizione presente sul nostro sito Web<\/strong>, faccelo sapere entro 3 giorni dall&#8217;acquisto (scrivendo a <strong><a href=\"mailto:info@edirama.org\">info@edirama.org<\/a> <\/strong>motivando la richiesta di rimborso) <strong>e ti invieremo un buono acquisto di pari valore da utilizzare entro 12 mesi su www.edirama.org! <a href=\"https:\/\/edirama.org\/acquisto-sicuro\/\">Vedi le modalit\u00e0<\/a>.<\/strong><\/p>\n\n\n\n<p>Casi in cui il Buono Acquisto non \u00e8 previsto:<br>_ richiesta pervenuta dopo 3 giorni dalla data di acquisto<br>_ download (effettuato dal cliente) di kit documentali, ebook, omaggi, software, corsi on line e servizi online attivati.<br>Una volta inoltrata la tua richiesta di rimborso verrai contattato dal servizio clienti per verificare con te i motivi reali della richiesta del buono acquisto, e in quell&#8217;occasione ti verr\u00e0 fornita tutta l&#8217;assistenza per rendere soddisfacente l&#8217;utilizzo dei nostri prodotti. Qualora sussistano i motivi per richiedere il buono relativo al tuo acquisto, lo riceverai entro 7 giorni dalla tua richiesta.<\/p>\n\n\n\n<p>Le vendite di prodotti via Internet sono disciplinate dal D.Lgs n. 206\/05 (artt. da 50 a 68) che regola la materia dei contratti a distanza, cio\u00e8 effettuate al di fuori dei locali commerciali.<\/p>\n\n\n\n<p><strong>Garanzie<\/strong><br>Tutti i prodotti venduti da Edirama di M. Rapparini sono assistiti dalla garanzia ufficiale del produttore. Per fruirne, il cliente dovr\u00e0 conservare la fattura che ricever\u00e0 assieme ai prodotti acquistati.<\/p>\n\n\n\n<p><strong>Reclami<\/strong><br>Ogni eventuale reclamo dovr\u00e0 essere rivolto a Edirama di M. Rapparini <strong><a href=\"mailto:info@edirama.org\">info@edirama.org<\/a><\/strong><br><strong>Legge applicabile&nbsp;<\/strong><br>Il contratto di vendita tra il cliente e Edirama di M. Rapparini s&#8217;intende concluso in Italia e regolato dalla Legge Italiana.<br><strong>Trattamento dati personali&nbsp;<\/strong><br>Gentile Signore\/a<br>Desideriamo informarLa che il Reg. UE 2016\/679 (&#8220;Regolamento europeo in materia di protezione dei dati personali&#8221;) prevede la tutela delle persone e di altri soggetti e il rispetto al trattamento dei dati personali.<br>Ai sensi degli articoli 13 e 14, pertanto, Le forniamo le seguenti informazioni:<\/p>\n\n\n\n<p>1. Finalit\u00e0, base giuridica del trattamento cui sono destinati i dati<br>Il trattamento che intendiamo effettuare, dietro suo specifico consenso ove necessario, ha le seguenti finalit\u00e0;<br>a. Consentire l&#8217;erogazione dei Servizi da lei richiesti ai fini dell&#8217;instaurazione e della successiva gestione operativa, tecnica ed amministrativa del rapporto connesso all&#8217;erogazione dei Servizi e l&#8217;effettuazione di comunicazioni relative allo svolgimento del rapporto instaurato;<br>b. consentire la navigazione e la consultazione dei siti web di Edirama;<br>c. rispondere a richieste di assistenza o di informazioni, che riceveremo via e-mail, telefono o chat attraverso la pagina &#8220;Contattaci&#8221; del nostro Sito, o tramite l&#8217;apposito form &#8220;Assistenza&#8221; raggiungibile dalla pagina &#8220;Assistenza&#8221; del Sito.<br>d. assolvere obblighi di legge, contabili e fiscali;<br>e. svolgere marketing diretto via e-mail per servizi e prodotti analoghi a quelli da lei acquistati, a meno che lei non si sia opposto a tale trattamento inizialmente o in occasione di successive comunicazioni, per il perseguimento del legittimo interesse di Edirama di M. Rapparini a promuovere prodotti o servizi a cui lei pu\u00f2 ragionevolmente essere interessato<\/p>\n\n\n\n<p>La base legale del trattamento di Dati Personali per le finalit\u00e0 di cui alla sezione a-b-c \u00e8 l&#8217;art. 6(1)(b) del Regolamento in quanto i trattamenti sono necessari all&#8217;erogazione dei servizi contrattualizzati. Il conferimento dei Dati Personali per queste finalit\u00e0 \u00e8 facoltativo ma l&#8217;eventuale mancato conferimento comporterebbe l&#8217;impossibilit\u00e0 di attivare i Servizi richiesti.<br>La finalit\u00e0 di cui alla sezione d rappresenta un trattamento legittimo di Dati Personali ai sensi dell&#8217;art. 6(1)(c) del Regolamento. Una volta conferiti i Dati Personali, il trattamento pu\u00f2 essere invero necessario per adempiere ad obblighi di legge a cui Edirama di M. Rapparini \u00e8 soggetta.<br>I trattamenti di cui alla sezione \u201ce\u201d, eseguiti per finalit\u00e0 di e-mail marketing su prodotti o servizi analoghi a quelli da lei acquistati, trova invece la sua base giuridica, ai sensi dell&#8217;art. 6.1.f del Regolamento, nel legittimo interesse di Edirama di M. Rapparini a promuovere i propri prodotti o servizi in un contesto in cui il soggetto interessato pu\u00f2 ragionevolmente attendersi tale tipo di trattamento, al quale pu\u00f2 peraltro opporsi in qualsiasi momento. Qualora infatti lei desiderasse opporsi al trattamento dei suoi dati per le finalit\u00e0 di marketing, di cui alla sezione \u201ce\u201d, potr\u00e0 in qualunque momento farlo tramite il suo pannello di controllo, oppure inviando una richiesta a info@edirama.org o ancora attraverso il meccanismo proposto nel footer delle email commerciali.<\/p>\n\n\n\n<p>2. Modalit\u00e0 del trattamento<br>In relazione alle indicate finalit\u00e0 i Suoi dati sono oggetto di trattamento informatico e cartaceo. Le operazioni di trattamento sono attuate in modo da garantire la sicurezza logica, fisica e la riservatezza dei Suoi dati personali.<\/p>\n\n\n\n<p>3. Natura dei dati personali<br>Costituiscono oggetto di trattamento i Suoi dati personali, inerenti lo svolgimento del servizio da Lei richiesto.<\/p>\n\n\n\n<p>4. Natura obbligatoria o facoltativa del conferimento<br>Il conferimento dei Suoi dati personali e sensibili, non ha natura obbligatoria, ma l\u2019eventuale rifiuto potrebbe rendere impossibile o estremamente difficoltoso l\u2019erogazione dei servizi da Lei richiesti.<\/p>\n\n\n\n<p>5. Ambito di comunicazione e diffusione dei dati<br>I Suoi dati potranno essere comunicati a:<br>tutti i soggetti cui la facolt\u00e0 di accesso a tali dati e&#8217; riconosciuta in forza di provvedimenti normativi;<br>ai nostri collaboratori, dipendenti, nell&#8217;ambito delle relative mansioni;<br>a tutte quelle persone fisiche e\/o giuridiche, pubbliche e\/o private quando la comunicazione risulti necessaria o funzionale allo svolgimento della nostra attivit\u00e0 e nei modi e per le finalit\u00e0 sopra illustrate;<\/p>\n\n\n\n<p>6. Trasferimento dati personali a un Paese terzo<br>I dati personali raccolti da Edirama di M. Rapparini non sono trasferiti a un Paese terzo<\/p>\n\n\n\n<p>7. Modalit\u00e0 e durata conservazione dei dati personali<br>I Dati Personali trattati per le finalit\u00e0 di cui alle sezioni a-b-c saranno conservati per il tempo strettamente necessario a raggiungere quelle stesse finalit\u00e0. In ogni caso Edirama di M. Rapparini tratter\u00e0 i Dati Personali fino al tempo permesso dalla normativa Italiana a tutela dei propri interessi (Art. 2946 c.c. e ss.).<br>I Dati Personali trattati per le finalit\u00e0 di cui alla sezione \u201cd\u201d saranno conservati fino al tempo previsto dallo specifico obbligo o norma di legge applicabile.<br>Per le finalit\u00e0 di cui alla sezione \u201ce\u201d, i suoi Dati Personali saranno invece trattati fino alla revoca del suo consenso oppure fino a cinque anni dopo che lei abbia cessato di essere cliente di Edirama di M. Rapparini, o si sia semplicemente registrato sul Sito, e non abbia fatto alcun acquisto di prodotti o servizi. \u00c8 fatta salva in ogni caso la possibilit\u00e0 per Edirama di M. Rapparini di conservare i suoi Dati Personali fino al tempo permesso dalla legge Italiana a tutela dei propri interessi (Art. 2947(1)(3) c.c.). Maggiori informazioni in merito al periodo di conservazione dei dati e ai criteri utilizzati per determinare tale periodo possono essere richieste scrivendo al Titolare<\/p>\n\n\n\n<p>6. Estremi identificativi del titolare<br>Matteo Rapparini \u2013 email ediramaweb@gmail.com<\/p>\n\n\n\n<p>7. Diritti dell\u2019interessato<br>7.1 Art. 15 (diritto di accesso) , 16 (diritto di rettifica) del Reg. UE 2016\/679<br>L&#8217;interessato ha il diritto di ottenere dal titolare del trattamento la conferma che sia o meno in corso un trattamento di dati personali che lo riguardano e in tal caso, di ottenere l&#8217;accesso ai dati personali e alle seguenti informazioni:<br>a) le finalit\u00e0 del trattamento;<br>b) le categorie di dati personali in questione;<br>c) i destinatari o le categorie di destinatari a cui i dati personali sono stati o saranno comunicati, in particolare se destinatari di paesi terzi o organizzazioni internazionali;<br>d) il periodo di conservazione dei dati personali previsto oppure, se non \u00e8 possibile, i criteri utilizzati per determinare tale periodo;<br>e) l&#8217;esistenza del diritto dell&#8217;interessato di chiedere al titolare del trattamento la rettifica o la cancellazione dei dati personali o la limitazione del trattamento dei dati personali che lo riguardano o di opporsi al loro trattamento;<br>f) il diritto di proporre reclamo a un&#8217;autorit\u00e0 di controllo;<br>h) l&#8217;esistenza di un processo decisionale automatizzato, compresa la profilazione e, almeno in tali casi, informazioni significative sulla logica utilizzata, nonch\u00e9 l&#8217;importanza e le conseguenze previste di tale trattamento per l&#8217;interessato.<br>7.2 Diritto di cui all\u2019art. 17 del Reg. UE 2016\/679 &#8211; diritto alla cancellazione (\u00abdiritto all&#8217;oblio\u00bb)<br>L&#8217;interessato ha il diritto di ottenere dal titolare del trattamento la cancellazione dei dati personali che lo riguardano senza ingiustificato ritardo e il titolare del trattamento ha l&#8217;obbligo di cancellare senza ingiustificato ritardo i dati personali, se sussiste uno dei motivi seguenti:<br>a) i dati personali non sono pi\u00f9 necessari rispetto alle finalit\u00e0 per le quali sono stati raccolti o altrimenti trattati;<br>b) l&#8217;interessato revoca il consenso su cui si basa il trattamento conformemente all&#8217;articolo 6, paragrafo 1, lettera a), o all&#8217;articolo 9, paragrafo 2, lettera a), e se non sussiste altro fondamento giuridico per il trattamento;<br>c) l&#8217;interessato si oppone al trattamento ai sensi dell&#8217;articolo 21, paragrafo 1, e non sussiste alcun motivo legittimo prevalente per procedere al trattamento, oppure si oppone al trattamento ai sensi dell&#8217;articolo 21, paragrafo 2;<br>d) i dati personali sono stati trattati illecitamente;<br>e) i dati personali devono essere cancellati per adempiere un obbligo legale previsto dal diritto dell&#8217;Unione o dello Stato membro cui \u00e8 soggetto il titolare del trattamento;<br>f) i dati personali sono stati raccolti relativamente all&#8217;offerta di servizi della societ\u00e0 dell&#8217;informazione di cui all&#8217;articolo 8, paragrafo 1 del Reg. UE 2016\/679<\/p>\n\n\n\n<p>7.3 Diritto di cui all\u2019 art. 18 Diritto di limitazione di trattamento<br>L&#8217;interessato ha il diritto di ottenere dal titolare del trattamento la limitazione del trattamento quando ricorre una delle seguenti ipotesi:<br>a) l&#8217;interessato contesta l&#8217;esattezza dei dati personali, per il periodo necessario al titolare del trattamento per verificare l&#8217;esattezza di tali dati personali;<br>b) il trattamento \u00e8 illecito e l&#8217;interessato si oppone alla cancellazione dei dati personali e chiede invece che ne sia limitato l&#8217;utilizzo;<br>c) bench\u00e9 il titolare del trattamento non ne abbia pi\u00f9 bisogno ai fini del trattamento, i dati personali sono necessari all&#8217;interessato per l&#8217;accertamento, l&#8217;esercizio o la difesa di un diritto in sede giudiziaria;<br>d) l&#8217;interessato si \u00e8 opposto al trattamento ai sensi dell&#8217;articolo 21, paragrafo 1, Reg UE 2016\/679 in attesa della verifica in merito all&#8217;eventuale prevalenza dei motivi legittimi del titolare del trattamento rispetto a quelli dell&#8217;interessato.<br>7.4 Diritto di cui all\u2019art.20 Diritto alla portabilit\u00e0 dei dati<br>L&#8217;interessato ha il diritto di ricevere in un formato strutturato, di uso comune e leggibile da dispositivo automatico i dati personali che lo riguardano forniti a un titolare del trattamento e ha il diritto di trasmettere tali dati a un altro titolare del trattamento senza impedimenti da parte del titolare del trattamento<\/p>\n\n\n\n<p>8. Revoca del consenso al trattamento<br>Le \u00e8 riconosciuta la facolt\u00e0 di revocare il consenso al trattamento dei Suoi dati personali, inviando una raccomandata A\/R al seguente indirizzo: via Paolo Fabbri 1\/4 &#8211; 40138 Bologna corredato da fotocopia del suo documento di identit\u00e0, con il seguente testo: &lt;&gt;. Al termine di questa operazione i Suoi dati personali saranno rimossi dagli archivi nel pi\u00f9 breve tempo possibile.<br>Se desidera avere maggiori informazioni sul trattamento dei Suoi dati personali, ovvero esercitare i diritti di cui al precedente punto 7, pu\u00f2 inviare una raccomandata A\/R al seguente indirizzo: via Paolo Fabbri 1\/4 &#8211; 40138 Bologna. Prima di poterLe fornire, o modificare qualsiasi informazione, potrebbe essere necessario verificare la Sua identit\u00e0 e rispondere ad alcune domande. Una risposta sar\u00e0 fornita al pi\u00f9 presto.<\/p>\n\n\n\n<p>La presente privacy policy \u00e8 in vigore dal 9 maggio 2018. Edirama di M. Rapparini si riserva di modificarne o semplicemente aggiornarne il contenuto, in parte o completamente, anche a causa di variazioni della normativa applicabile. Qualora le modifiche alla presente Policy riguardino cambiamenti sostanziali nei trattamenti oppure possano avere comunque un impatto rilevante sugli interessati, Register.it avr\u00f2 cura di notificarle opportunamente agli interessati.<\/p>\n","protected":false},"excerpt":{"rendered":"<p>Modalit\u00e0 di invio dei prodottiUna volta ricevuto l&#8217;ordine tramite email Edirama provveder\u00e0 a recapitare quanto da Voi richiesto, all&#8217;indirizzo email che avrete indicato sul modulo d&#8217;ordine. Dal momento dell&#8217;ordine i normali * tempi di consegna sono:_ (per i prodotti digitali, software e corsi online) 24 ore nei giorni lavorativi, il primo giorno lavorativo per gli [&hellip;]<\/p>\n","protected":false},"author":1,"featured_media":0,"parent":0,"menu_order":0,"comment_status":"closed","ping_status":"closed","template":"","meta":{"footnotes":""},"class_list":["post-39","page","type-page","status-publish","hentry"],"jetpack_sharing_enabled":true,"jetpack_likes_enabled":true,"_links":{"self":[{"href":"https:\/\/sicurezzapratica.it\/shop\/wp-json\/wp\/v2\/pages\/39","targetHints":{"allow":["GET"]}}],"collection":[{"href":"https:\/\/sicurezzapratica.it\/shop\/wp-json\/wp\/v2\/pages"}],"about":[{"href":"https:\/\/sicurezzapratica.it\/shop\/wp-json\/wp\/v2\/types\/page"}],"author":[{"embeddable":true,"href":"https:\/\/sicurezzapratica.it\/shop\/wp-json\/wp\/v2\/users\/1"}],"replies":[{"embeddable":true,"href":"https:\/\/sicurezzapratica.it\/shop\/wp-json\/wp\/v2\/comments?post=39"}],"version-history":[{"count":1,"href":"https:\/\/sicurezzapratica.it\/shop\/wp-json\/wp\/v2\/pages\/39\/revisions"}],"predecessor-version":[{"id":40,"href":"https:\/\/sicurezzapratica.it\/shop\/wp-json\/wp\/v2\/pages\/39\/revisions\/40"}],"wp:attachment":[{"href":"https:\/\/sicurezzapratica.it\/shop\/wp-json\/wp\/v2\/media?parent=39"}],"curies":[{"name":"wp","href":"https:\/\/api.w.org\/{rel}","templated":true}]}}