{"id":12,"date":"2022-12-13T14:59:04","date_gmt":"2022-12-13T14:59:04","guid":{"rendered":"https:\/\/sicurezzapratica.it\/shop\/?page_id=12"},"modified":"2022-12-13T14:59:04","modified_gmt":"2022-12-13T14:59:04","slug":"informativa-privacy","status":"publish","type":"page","link":"https:\/\/sicurezzapratica.it\/shop\/informativa-privacy\/","title":{"rendered":"Informativa privacy"},"content":{"rendered":"\n<p>Informativa ai sensi e per gli effetti di cui all\u2019art. 13-14, Reg UE 2016\/679<\/p>\n\n\n\n<p>(Regolamento Europeo in materia di protezione dei dati personali)<\/p>\n\n\n\n<p>Gentile Signore\/a<\/p>\n\n\n\n<p>Desideriamo informarLa che il Reg. UE 2016\/679 (\u201cRegolamento europeo in materia di protezione dei dati personali\u201d) prevede la tutela delle persone e di altri soggetti e il rispetto al trattamento dei dati personali.<\/p>\n\n\n\n<p>Ai sensi degli articoli 13 e 14, pertanto, Le forniamo le seguenti informazioni:<\/p>\n\n\n\n<ol class=\"wp-block-list\">\n<li>Finalit\u00e0, base giuridica del trattamento cui sono destinati i dati<\/li>\n<\/ol>\n\n\n\n<p>Il trattamento che intendiamo effettuare, dietro suo specifico consenso ove necessario, ha le seguenti finalit\u00e0;<\/p>\n\n\n\n<ol class=\"wp-block-list\">\n<li>a) Consentire l\u2019erogazione dei Servizi da lei richiesti ai fini dell\u2019instaurazione e della successiva gestione operativa, tecnica ed amministrativa del rapporto connesso all\u2019erogazione dei Servizi e l\u2019effettuazione di comunicazioni relative allo svolgimento del rapporto instaurato;<\/li>\n\n\n\n<li>b) consentire la navigazione e la consultazione dei siti web di Edirama;<\/li>\n\n\n\n<li>c) rispondere a richieste di assistenza o di informazioni, che riceveremo via e-mail, telefono o chat attraverso la pagina \u201cContattaci\u201d del nostro Sito, o tramite l\u2019apposito form \u201cAssistenza\u201d raggiungibile dalla pagina \u201cAssistenza\u201d del Sito, oppure tramite il servizio on line Live Chat (<a href=\"https:\/\/www.livechatinc.com\/legal\/privacy-policy\/\">Link informativa privacy<\/a>)<\/li>\n\n\n\n<li>d) assolvere obblighi di legge, contabili e fiscali;<\/li>\n\n\n\n<li>e) svolgere marketing diretto via e-mail per servizi e prodotti analoghi a quelli da lei acquistati o di Suo interesse, a meno che lei non si sia opposto a tale trattamento inizialmente o in occasione di successive comunicazioni, per il perseguimento del legittimo interesse di Edirama di M. Rapparini a promuovere prodotti o servizi a cui lei pu\u00f2 ragionevolmente essere interessato<br>f)&nbsp; pubblicare recensioni reali sui prodotti Edirama in cui appare il suo nome e cognome, data di compilazione della valutazione e il suo commento sul prodotto edirama<\/li>\n<\/ol>\n\n\n\n<p>La base legale del trattamento di Dati Personali per le finalit\u00e0 di cui alla sezione a-b-c \u00e8 l\u2019art. 6(1)(b) del Regolamento in quanto i trattamenti sono necessari all\u2019erogazione dei servizi contrattualizzati. Il conferimento dei Dati Personali per queste finalit\u00e0 \u00e8 facoltativo ma l\u2019eventuale mancato conferimento comporterebbe l\u2019impossibilit\u00e0 di attivare i Servizi richiesti.<\/p>\n\n\n\n<p>La finalit\u00e0 di cui alla sezione d rappresenta un trattamento legittimo di Dati Personali ai sensi dell\u2019art. 6(1)(c) del Regolamento. Una volta conferiti i Dati Personali, il trattamento pu\u00f2 essere invero necessario per adempiere ad obblighi di legge a cui Edirama di M. Rapparini \u00e8 soggetta.<\/p>\n\n\n\n<p>I trattamenti \u201d, eseguiti per finalit\u00e0 di e-mail marketing su prodotti o servizi analoghi a quelli da lei acquistati e per pubblicare recensioni reali sui prodotti Edirama, trova invece la sua base giuridica, ai sensi dell\u2019art. 6.1.f del Regolamento, nel legittimo interesse di Edirama di M. Rapparini a promuovere i propri prodotti o servizi in un contesto in cui il soggetto interessato pu\u00f2 ragionevolmente attendersi tale tipo di trattamento, al quale pu\u00f2 peraltro opporsi in qualsiasi momento. Qualora infatti lei desiderasse opporsi al trattamento dei suoi dati per le finalit\u00e0 di marketing, potr\u00e0 in qualunque momento farlo tramite il suo pannello di controllo, oppure inviando una richiesta a info@edirama.org o ancora attraverso il meccanismo proposto nel footer delle email commerciali.<\/p>\n\n\n\n<ol class=\"wp-block-list\" start=\"2\">\n<li>Modalit\u00e0 del trattamento<\/li>\n<\/ol>\n\n\n\n<p>In relazione alle indicate finalit\u00e0 i Suoi dati sono oggetto di trattamento informatico e cartaceo. Le operazioni di trattamento sono attuate in modo da garantire la sicurezza logica, fisica e la riservatezza dei Suoi dati personali.<\/p>\n\n\n\n<ol class=\"wp-block-list\" start=\"3\">\n<li>Natura dei dati personali<\/li>\n<\/ol>\n\n\n\n<p>Costituiscono oggetto di trattamento i Suoi dati personali, inerenti lo svolgimento del servizio da Lei richiesto.<\/p>\n\n\n\n<ol class=\"wp-block-list\" start=\"4\">\n<li>Natura obbligatoria o facoltativa del conferimento<\/li>\n<\/ol>\n\n\n\n<p>Il conferimento dei Suoi dati personali e sensibili, non ha natura obbligatoria, ma l\u2019eventuale rifiuto potrebbe rendere impossibile o estremamente difficoltoso l\u2019erogazione dei servizi da Lei richiesti.<\/p>\n\n\n\n<ol class=\"wp-block-list\" start=\"5\">\n<li>Ambito di comunicazione e diffusione dei dati<\/li>\n<\/ol>\n\n\n\n<p>I Suoi dati potranno essere comunicati a:<\/p>\n\n\n\n<ul class=\"wp-block-list\">\n<li>tutti i soggetti cui la facolt\u00e0 di accesso a tali dati e\u2019 riconosciuta in forza di provvedimenti normativi;<\/li>\n\n\n\n<li>ai nostri collaboratori, dipendenti, nell\u2019ambito delle relative mansioni;<\/li>\n\n\n\n<li>a tutte quelle persone fisiche e\/o giuridiche, pubbliche e\/o private quando la comunicazione risulti necessaria o funzionale allo svolgimento della nostra attivit\u00e0 e nei modi e per le finalit\u00e0 sopra illustrate;<\/li>\n<\/ul>\n\n\n\n<ol class=\"wp-block-list\" start=\"6\">\n<li>Trasferimento dati personali a un Paese terzo<\/li>\n<\/ol>\n\n\n\n<p>I dati personali raccolti da Edirama di M. Rapparini non sono trasferiti a un Paese terzo. Solo i dati personali richiesti dal servizio LiveChat sono gestiti negli Stati Uniti in conformit\u00e0 al GDPR \u2013 le&nbsp; modalit\u00e0 sono consultabili dal seguente link:&nbsp;<a href=\"https:\/\/www.livechatinc.com\/legal\/privacy-policy\/\">https:\/\/www.livechatinc.com\/legal\/privacy-policy\/<\/a><\/p>\n\n\n\n<ol class=\"wp-block-list\" start=\"7\">\n<li>Modalit\u00e0 e durata conservazione dei dati personali<\/li>\n<\/ol>\n\n\n\n<p>I Dati Personali trattati per le finalit\u00e0 di cui alle sezioni a-b-c saranno conservati per il tempo strettamente necessario a raggiungere quelle stesse finalit\u00e0. In ogni caso Edirama di M. Rapparini tratter\u00e0 i Dati Personali fino al tempo permesso dalla normativa Italiana a tutela dei propri interessi (Art. 2946 c.c. e ss.).<\/p>\n\n\n\n<p>I Dati Personali trattati per le finalit\u00e0 di cui alla sezione \u201cd\u201d saranno conservati fino al tempo previsto dallo specifico obbligo o norma di legge applicabile.<\/p>\n\n\n\n<p>Per le finalit\u00e0 di cui alla sezione \u201ce\u201d ed \u201cf\u201d, i suoi Dati Personali saranno invece trattati fino alla revoca del suo consenso oppure fino a cinque anni dopo che lei abbia cessato di essere cliente di Edirama di M. Rapparini, o si sia semplicemente registrato sul Sito, e non abbia fatto alcun acquisto di prodotti o servizi. \u00c8 fatta salva in ogni caso la possibilit\u00e0 per Edirama di M. Rapparini di conservare i suoi Dati Personali fino al tempo permesso dalla legge Italiana a tutela dei propri interessi (Art. 2947(1)(3) c.c.). Maggiori informazioni in merito al periodo di conservazione dei dati e ai criteri utilizzati per determinare tale periodo possono essere richieste scrivendo al Titolare<\/p>\n\n\n\n<ol class=\"wp-block-list\" start=\"6\">\n<li>Estremi identificativi del titolare<\/li>\n<\/ol>\n\n\n\n<p>Matteo Rapparini \u2013 email ediramaweb@gmail.com<\/p>\n\n\n\n<ol class=\"wp-block-list\" start=\"7\">\n<li>Diritti dell\u2019interessato<\/li>\n<\/ol>\n\n\n\n<p>7.1 Art. 15 (diritto di accesso) , 16&nbsp; (diritto di rettifica) del Reg. UE 2016\/679<\/p>\n\n\n\n<p>L\u2019interessato ha il diritto di ottenere dal titolare del trattamento la conferma che sia o meno in corso un trattamento di dati personali che lo riguardano e in tal caso, di ottenere l\u2019accesso ai dati personali e alle seguenti informazioni:<\/p>\n\n\n\n<ol class=\"wp-block-list\">\n<li>a) le finalit\u00e0 del trattamento;<\/li>\n\n\n\n<li>b) le categorie di dati personali in questione;<\/li>\n\n\n\n<li>c) i destinatari o le categorie di destinatari a cui i dati personali sono stati o saranno comunicati, in particolare se destinatari di paesi terzi o organizzazioni internazionali;<\/li>\n\n\n\n<li>d) il periodo di conservazione dei dati personali previsto oppure, se non \u00e8 possibile, i criteri utilizzati per determinare tale periodo;<\/li>\n\n\n\n<li>e) l\u2019esistenza del diritto dell\u2019interessato di chiedere al titolare del trattamento la rettifica o la cancellazione dei dati personali o la limitazione del trattamento dei dati personali che lo riguardano o di opporsi al loro trattamento;<\/li>\n\n\n\n<li>f) il diritto di proporre reclamo a un\u2019autorit\u00e0 di controllo;<\/li>\n\n\n\n<li>h) l\u2019esistenza di un processo decisionale automatizzato, compresa la profilazione e, almeno in tali casi, informazioni significative sulla logica utilizzata, nonch\u00e9 l\u2019importanza e le conseguenze previste di tale trattamento per l\u2019interessato.<\/li>\n<\/ol>\n\n\n\n<p>7.2 Diritto di cui all\u2019art. 17 del Reg. UE 2016\/679&nbsp; \u2013 diritto alla cancellazione (\u00abdiritto all\u2019oblio\u00bb)<\/p>\n\n\n\n<p>L\u2019interessato ha il diritto di ottenere dal titolare del trattamento la cancellazione dei dati personali che lo riguardano senza ingiustificato ritardo e il titolare del trattamento ha l\u2019obbligo di cancellare senza ingiustificato ritardo i dati personali, se sussiste uno dei motivi seguenti:<\/p>\n\n\n\n<ol class=\"wp-block-list\">\n<li>a) i dati personali non sono pi\u00f9 necessari rispetto alle finalit\u00e0 per le quali sono stati raccolti o altrimenti trattati;<\/li>\n\n\n\n<li>b) l\u2019interessato revoca il consenso su cui si basa il trattamento conformemente all\u2019articolo 6, paragrafo 1, lettera a), o all\u2019articolo 9, paragrafo 2, lettera a), e se non sussiste altro fondamento giuridico per il trattamento;<\/li>\n\n\n\n<li>c) l\u2019interessato si oppone al trattamento ai sensi dell\u2019articolo 21, paragrafo 1, e non sussiste alcun motivo legittimo prevalente per procedere al trattamento, oppure si oppone al trattamento ai sensi dell\u2019articolo 21, paragrafo 2;<\/li>\n\n\n\n<li>d) i dati personali sono stati trattati illecitamente;<\/li>\n\n\n\n<li>e) i dati personali devono essere cancellati per adempiere un obbligo legale previsto dal diritto dell\u2019Unione o dello Stato membro cui \u00e8 soggetto il titolare del trattamento;<\/li>\n\n\n\n<li>f) i dati personali sono stati raccolti relativamente all\u2019offerta di servizi della societ\u00e0 dell\u2019informazione di cui all\u2019articolo 8, paragrafo 1 del Reg. UE 2016\/679<\/li>\n<\/ol>\n\n\n\n<p>7.3 Diritto di cui all\u2019 art. 18 Diritto di limitazione di trattamento<\/p>\n\n\n\n<p>L\u2019interessato ha il diritto di ottenere dal titolare del trattamento la limitazione del trattamento quando ricorre una delle seguenti ipotesi:<\/p>\n\n\n\n<ol class=\"wp-block-list\">\n<li>a) l\u2019interessato contesta l\u2019esattezza dei dati personali, per il periodo necessario al titolare del trattamento per verificare l\u2019esattezza di tali dati personali;<\/li>\n\n\n\n<li>b) il trattamento \u00e8 illecito e l\u2019interessato si oppone alla cancellazione dei dati personali e chiede invece che ne sia limitato l\u2019utilizzo;<\/li>\n\n\n\n<li>c) bench\u00e9 il titolare del trattamento non ne abbia pi\u00f9 bisogno ai fini del trattamento, i dati personali sono necessari all\u2019interessato per l\u2019accertamento, l\u2019esercizio o la difesa di un diritto in sede giudiziaria;<\/li>\n\n\n\n<li>d) l\u2019interessato si \u00e8 opposto al trattamento ai sensi dell\u2019articolo 21, paragrafo 1, Reg UE 2016\/679 in attesa della verifica in merito all\u2019eventuale prevalenza dei motivi legittimi del titolare del trattamento rispetto a quelli dell\u2019interessato.<\/li>\n<\/ol>\n\n\n\n<p>7.4 Diritto di cui all\u2019art.20 Diritto alla portabilit\u00e0 dei dati<\/p>\n\n\n\n<p>L\u2019interessato ha il diritto di ricevere in un formato strutturato, di uso comune e leggibile da dispositivo automatico i dati personali che lo riguardano forniti a un titolare del trattamento e ha il diritto di trasmettere tali dati a un altro titolare del trattamento senza impedimenti da parte del titolare del trattamento<\/p>\n\n\n\n<ol class=\"wp-block-list\" start=\"8\">\n<li>Revoca del consenso al trattamento<\/li>\n<\/ol>\n\n\n\n<p>Le \u00e8 riconosciuta la facolt\u00e0 di revocare il consenso al trattamento dei Suoi dati personali, inviando un\u2019email a&nbsp;<a href=\"mailto:ediramaweb@gmail.com\">ediramaweb@gmail.com<\/a>&nbsp;o una raccomandata A\/R al seguente indirizzo: via Paolo Fabbri 1\/4&nbsp; \u2013 40138 Bologna corredato da fotocopia del suo documento di identit\u00e0, con il seguente testo: &lt;&lt;revoca del consenso al trattamento di tutti i miei dati personali&gt;&gt;. Al termine di questa operazione i Suoi dati personali saranno rimossi dagli archivi nel pi\u00f9 breve tempo possibile.<\/p>\n\n\n\n<p>Se desidera avere maggiori informazioni sul trattamento dei Suoi dati personali, ovvero esercitare i diritti di cui al precedente punto 7, pu\u00f2 inviare una email a&nbsp;<a href=\"mailto:ediramaweb@gmail.com\">ediramaweb@gmail.com<\/a>&nbsp;raccomandata A\/R al seguente indirizzo: via Paolo Fabbri 1\/4&nbsp; \u2013 40138 Bologna. Prima di poterLe fornire, o modificare qualsiasi informazione, potrebbe essere necessario verificare la Sua identit\u00e0 e rispondere ad alcune domande. Una risposta sar\u00e0 fornita al pi\u00f9 presto.<\/p>\n\n\n\n<p>La presente privacy policy \u00e8 in vigore dal 9 maggio 2018. Edirama di M. Rapparini si riserva di modificarne o semplicemente aggiornarne il contenuto, in parte o completamente, anche a causa di variazioni della normativa applicabile. Qualora le modifiche alla presente Policy riguardino cambiamenti sostanziali nei trattamenti oppure possano avere comunque un impatto rilevante sugli interessati, Edirama avr\u00e0 cura di notificarle opportunamente agli interessati.<\/p>\n","protected":false},"excerpt":{"rendered":"<p>Informativa ai sensi e per gli effetti di cui all\u2019art. 13-14, Reg UE 2016\/679 (Regolamento Europeo in materia di protezione dei dati personali) Gentile Signore\/a Desideriamo informarLa che il Reg. UE 2016\/679 (\u201cRegolamento europeo in materia di protezione dei dati personali\u201d) prevede la tutela delle persone e di altri soggetti e il rispetto al trattamento [&hellip;]<\/p>\n","protected":false},"author":1,"featured_media":0,"parent":0,"menu_order":0,"comment_status":"closed","ping_status":"closed","template":"","meta":{"footnotes":""},"class_list":["post-12","page","type-page","status-publish","hentry"],"jetpack_sharing_enabled":true,"jetpack_likes_enabled":true,"_links":{"self":[{"href":"https:\/\/sicurezzapratica.it\/shop\/wp-json\/wp\/v2\/pages\/12","targetHints":{"allow":["GET"]}}],"collection":[{"href":"https:\/\/sicurezzapratica.it\/shop\/wp-json\/wp\/v2\/pages"}],"about":[{"href":"https:\/\/sicurezzapratica.it\/shop\/wp-json\/wp\/v2\/types\/page"}],"author":[{"embeddable":true,"href":"https:\/\/sicurezzapratica.it\/shop\/wp-json\/wp\/v2\/users\/1"}],"replies":[{"embeddable":true,"href":"https:\/\/sicurezzapratica.it\/shop\/wp-json\/wp\/v2\/comments?post=12"}],"version-history":[{"count":1,"href":"https:\/\/sicurezzapratica.it\/shop\/wp-json\/wp\/v2\/pages\/12\/revisions"}],"predecessor-version":[{"id":13,"href":"https:\/\/sicurezzapratica.it\/shop\/wp-json\/wp\/v2\/pages\/12\/revisions\/13"}],"wp:attachment":[{"href":"https:\/\/sicurezzapratica.it\/shop\/wp-json\/wp\/v2\/media?parent=12"}],"curies":[{"name":"wp","href":"https:\/\/api.w.org\/{rel}","templated":true}]}}